{"id":104,"date":"2023-10-02T11:28:30","date_gmt":"2023-10-02T16:28:30","guid":{"rendered":"https:\/\/nomodeaths.mimh.edu\/?page_id=104"},"modified":"2024-03-02T13:10:03","modified_gmt":"2024-03-02T19:10:03","slug":"certified-peer-specialist","status":"publish","type":"page","link":"https:\/\/nomodeaths.org\/index.php\/certified-peer-specialist\/","title":{"rendered":"Certified Peer Specialist"},"content":{"rendered":"<p>[et_pb_section fb_built=&#8221;1&#8243; _builder_version=&#8221;4.23&#8243; _module_preset=&#8221;default&#8221; global_colors_info=&#8221;{}&#8221;][et_pb_row column_structure=&#8221;2_5,3_5&#8243; _builder_version=&#8221;4.23&#8243; _module_preset=&#8221;default&#8221; locked=&#8221;off&#8221; global_colors_info=&#8221;{}&#8221;][et_pb_column type=&#8221;2_5&#8243; _builder_version=&#8221;4.23&#8243; _module_preset=&#8221;default&#8221; global_colors_info=&#8221;{}&#8221;][et_pb_image src=&#8221;https:\/\/nomodeaths.org\/wp-content\/uploads\/2023\/11\/Certified-Peer-Specialist-Logo.png&#8221; title_text=&#8221;Certified-Peer-Specialist-Logo&#8221; align=&#8221;center&#8221; _builder_version=&#8221;4.23&#8243; _module_preset=&#8221;default&#8221; module_alignment=&#8221;right&#8221; max_height=&#8221;236px&#8221; global_colors_info=&#8221;{}&#8221;][\/et_pb_image][\/et_pb_column][et_pb_column type=&#8221;3_5&#8243; _builder_version=&#8221;4.23&#8243; _module_preset=&#8221;default&#8221; global_colors_info=&#8221;{}&#8221;][et_pb_text _builder_version=&#8221;4.23&#8243; _module_preset=&#8221;default&#8221; text_font=&#8221;PT Serif||||||||&#8221; text_text_color=&#8221;#000000&#8243; header_font=&#8221;Open Sans|700|||||||&#8221; width=&#8221;100%&#8221; global_colors_info=&#8221;{}&#8221;]<\/p>\n<h1><span>Certified Peer Specialist (CPS) Training<\/span><\/h1>\n<p class=\"\">Beginning in March of 2018, the Missouri Credentialing Board, in partnership with the Department of Mental Health, began training and credentialing peers across the state with one standard curriculum, providing them with the tools they need to use their personal story to provide support to all individuals in recovery from substance use, mental health, or co-occurring disorders. Basic training for peers has been and will continue to be free of charge.<\/p>\n<p>[\/et_pb_text][\/et_pb_column][\/et_pb_row][\/et_pb_section][et_pb_section fb_built=&#8221;1&#8243; _builder_version=&#8221;4.23&#8243; _module_preset=&#8221;default&#8221; background_color=&#8221;rgba(255,255,255,0.75)&#8221; background_image=&#8221;https:\/\/nomodeaths.org\/wp-content\/uploads\/2024\/01\/pexels-miguel-a-padrinan-255379-scaled.jpg&#8221; background_blend=&#8221;overlay&#8221; hover_enabled=&#8221;0&#8243; box_shadow_style=&#8221;preset6&#8243; box_shadow_spread=&#8221;15px&#8221; box_shadow_color=&#8221;rgba(0,0,0,0.28)&#8221; locked=&#8221;off&#8221; global_colors_info=&#8221;{}&#8221; sticky_enabled=&#8221;0&#8243; title_text=&#8221;pexels-miguel-\u00e1-padri\u00f1\u00e1n-255379&#8243;][et_pb_row column_structure=&#8221;1_3,2_3&#8243; use_custom_gutter=&#8221;on&#8221; _builder_version=&#8221;4.23&#8243; _module_preset=&#8221;default&#8221; positioning=&#8221;none&#8221; width=&#8221;100%&#8221; max_width=&#8221;1350px&#8221; module_alignment=&#8221;center&#8221; global_colors_info=&#8221;{}&#8221;][et_pb_column type=&#8221;1_3&#8243; _builder_version=&#8221;4.23&#8243; _module_preset=&#8221;default&#8221; global_colors_info=&#8221;{}&#8221;][et_pb_cta title=&#8221;Certified Peer Support Training &#038; Resources&#8221; button_url=&#8221;https:\/\/mopeerspecialist.com\/&#8221; url_new_window=&#8221;on&#8221; button_text=&#8221;Learn More&#8221; _builder_version=&#8221;4.23&#8243; _module_preset=&#8221;default&#8221; header_font=&#8221;Open Sans||||||||&#8221; header_text_align=&#8221;center&#8221; header_text_color=&#8221;#000000&#8243; body_font=&#8221;PT Serif||||||||&#8221; body_text_color=&#8221;#000000&#8243; button_icon=&#8221;&#x3d;||divi||400&#8243; button_alignment=&#8221;center&#8221; text_orientation=&#8221;left&#8221; link_option_url=&#8221;https:\/\/mopeerspecialist.com\/&#8221; link_option_url_new_window=&#8221;on&#8221; border_radii=&#8221;on|10px|10px|10px|10px&#8221; border_width_all=&#8221;3px&#8221; border_color_all=&#8221;#c0c182&#8243; box_shadow_style=&#8221;preset2&#8243; global_colors_info=&#8221;{}&#8221; background_color=&#8221;#FFFFFF&#8221;]<\/p>\n<p>Looking for additional certified peer specialist resources?<\/p>\n<p>[\/et_pb_cta][et_pb_cta title=&#8221;Missouri Department of Mental Health&#8221; button_url=&#8221;https:\/\/dmh.mo.gov\/behavioral-health\/treatment-services\/specialized-programs\/peer-support-services&#8221; button_text=&#8221;Go to resource&#8221; _builder_version=&#8221;4.23&#8243; _module_preset=&#8221;default&#8221; link_option_url=&#8221;https:\/\/dmh.mo.gov\/behavioral-health\/treatment-services\/specialized-programs\/peer-support-services&#8221; link_option_url_new_window=&#8221;on&#8221; global_colors_info=&#8221;{}&#8221; url_new_window=&#8221;on&#8221; header_font=&#8221;Open Sans||||||||&#8221; header_text_align=&#8221;center&#8221; header_text_color=&#8221;#000000&#8243; body_font=&#8221;PT Serif||||||||&#8221; body_text_color=&#8221;#000000&#8243; button_icon=&#8221;&#x3d;||divi||400&#8243; button_alignment=&#8221;center&#8221; text_orientation=&#8221;left&#8221; border_radii=&#8221;on|10px|10px|10px|10px&#8221; border_width_all=&#8221;3px&#8221; border_color_all=&#8221;#c0c182&#8243; box_shadow_style=&#8221;preset2&#8243; background_color=&#8221;#FFFFFF&#8221;][\/et_pb_cta][\/et_pb_column][et_pb_column type=&#8221;2_3&#8243; _builder_version=&#8221;4.23&#8243; _module_preset=&#8221;default&#8221; global_colors_info=&#8221;{}&#8221;][et_pb_cta title=&#8221;Certified Peer Specialist Training&#8221; url_new_window=&#8221;on&#8221; button_text=&#8221;Register&#8221; admin_label=&#8221;Call To Action&#8221; _builder_version=&#8221;4.23&#8243; _module_preset=&#8221;default&#8221; header_font=&#8221;Open Sans||||||||&#8221; header_text_align=&#8221;center&#8221; header_text_color=&#8221;#000000&#8243; body_font=&#8221;PT Serif||||||||&#8221; body_text_color=&#8221;#000000&#8243; button_icon=&#8221;&#x3d;||divi||400&#8243; button_alignment=&#8221;center&#8221; text_orientation=&#8221;left&#8221; link_option_url=&#8221;https:\/\/umsl.az1.qualtrics.com\/jfe\/form\/SV_9v3rNjrzI1QBwh0&#8243; link_option_url_new_window=&#8221;on&#8221; custom_css_free_form=&#8221;body #page-container .et_pb_section .et_pb_button_2 {||  color: #FFFFFF!important;||  font-size: 20px;||  font-family: &#8216;Open Sans&#8217;,Helvetica,Arial,Lucida,sans-serif!important;||  background-color: #672323;||  padding: .5em .99em .5em .99em||}||||.et_pb_button_2:hover {||  border: 2px #672323;||  padding: .5em .99em .5em .99em;||  transition: normal;||  transition-timing-function: ease;||  transition-property: all||}&#8221; border_radii=&#8221;on|10px|10px|10px|10px&#8221; border_width_all=&#8221;3px&#8221; border_color_all=&#8221;#c0c182&#8243; box_shadow_style=&#8221;preset2&#8243; global_colors_info=&#8221;{}&#8221; background_color=&#8221;#FFFFFF&#8221;]<\/p>\n<p class=\"\">In 2021, our team at UMSL-MIMH along with a team of Certified Peer consultants developed a specialty series for Certified Peer Specialists. This series is available for <strong>FREE<\/strong> to Certified Peer Specialists to help them increase their knowledge beyond the first basic training course, gain continuing education, and work towards advanced peer credentialing.<\/p>\n<p class=\"\">You can take one or all of the courses at your own pace.<\/p>\n<p class=\"\" style=\"text-align: center;\"><a class=\"et_pb_button et_pb_button_2 et_pb_bg_layout_light\" href=\"https:\/\/umsl.az1.qualtrics.com\/jfe\/form\/SV_9v3rNjrzI1QBwh0\" target=\"_blank\" data-icon=\"=\" rel=\"noopener\"> Register<\/a><\/p>\n<p>&nbsp;<\/p>\n<p class=\"\"><img loading=\"lazy\" decoding=\"async\" src=\"https:\/\/nomodeaths.org\/wp-content\/uploads\/2023\/11\/CertifiedPeerSpecialistAdvancedTrainingSeriesWEB-1.png\" width=\"1100\" height=\"1423\" alt=\"\" class=\"wp-image-209 alignnone size-full\" srcset=\"https:\/\/nomodeaths.org\/wp-content\/uploads\/2023\/11\/CertifiedPeerSpecialistAdvancedTrainingSeriesWEB-1.png 1100w, https:\/\/nomodeaths.org\/wp-content\/uploads\/2023\/11\/CertifiedPeerSpecialistAdvancedTrainingSeriesWEB-1-980x1268.png 980w, https:\/\/nomodeaths.org\/wp-content\/uploads\/2023\/11\/CertifiedPeerSpecialistAdvancedTrainingSeriesWEB-1-480x621.png 480w\" sizes=\"auto, (min-width: 0px) and (max-width: 480px) 480px, (min-width: 481px) and (max-width: 980px) 980px, (min-width: 981px) 1100px, 100vw\" \/><\/p>\n<p>[\/et_pb_cta][\/et_pb_column][\/et_pb_row][\/et_pb_section]<\/p>\n","protected":false},"excerpt":{"rendered":"<p>Certified Peer Specialist (CPS) Training Beginning in March of 2018, the Missouri Credentialing Board, in partnership with the Department of Mental Health, began training and credentialing peers across the state with one standard curriculum, providing them with the tools they need to use their personal story to provide support to all individuals in recovery from [&hellip;]<\/p>\n","protected":false},"author":1,"featured_media":0,"parent":0,"menu_order":0,"comment_status":"closed","ping_status":"closed","template":"","meta":{"_et_pb_use_builder":"on","_et_pb_old_content":"","_et_gb_content_width":"","footnotes":""},"class_list":["post-104","page","type-page","status-publish","hentry"],"_links":{"self":[{"href":"https:\/\/nomodeaths.org\/index.php\/wp-json\/wp\/v2\/pages\/104","targetHints":{"allow":["GET"]}}],"collection":[{"href":"https:\/\/nomodeaths.org\/index.php\/wp-json\/wp\/v2\/pages"}],"about":[{"href":"https:\/\/nomodeaths.org\/index.php\/wp-json\/wp\/v2\/types\/page"}],"author":[{"embeddable":true,"href":"https:\/\/nomodeaths.org\/index.php\/wp-json\/wp\/v2\/users\/1"}],"replies":[{"embeddable":true,"href":"https:\/\/nomodeaths.org\/index.php\/wp-json\/wp\/v2\/comments?post=104"}],"version-history":[{"count":8,"href":"https:\/\/nomodeaths.org\/index.php\/wp-json\/wp\/v2\/pages\/104\/revisions"}],"predecessor-version":[{"id":753,"href":"https:\/\/nomodeaths.org\/index.php\/wp-json\/wp\/v2\/pages\/104\/revisions\/753"}],"wp:attachment":[{"href":"https:\/\/nomodeaths.org\/index.php\/wp-json\/wp\/v2\/media?parent=104"}],"curies":[{"name":"wp","href":"https:\/\/api.w.org\/{rel}","templated":true}]}}